{"id":612,"date":"2021-01-07T03:11:04","date_gmt":"2021-01-07T03:11:04","guid":{"rendered":"https:\/\/themesgavias.com\/wp\/indutri\/?page_id=612"},"modified":"2021-02-11T19:07:20","modified_gmt":"2021-02-11T19:07:20","slug":"empresa","status":"publish","type":"page","link":"https:\/\/conexaocontabilbetim.com.br\/?page_id=612","title":{"rendered":"Conex\u00e3o Cont\u00e1bil Betim"},"content":{"rendered":"\t\t<div data-elementor-type=\"wp-post\" data-elementor-id=\"612\" class=\"elementor elementor-612\" data-elementor-settings=\"[]\">\n\t\t\t\t\t\t<div class=\"elementor-inner\">\n\t\t\t\t\t\t\t<div class=\"elementor-section-wrap\">\n\t\t\t\t\t\t\t<section class=\"elementor-section elementor-top-section elementor-element elementor-element-1279549a elementor-section-boxed elementor-section-height-default elementor-section-height-default\" data-id=\"1279549a\" data-element_type=\"section\" data-settings=\"{&quot;background_background&quot;:&quot;slideshow&quot;,&quot;background_slideshow_gallery&quot;:[{&quot;id&quot;:10859,&quot;url&quot;:&quot;https:\\\/\\\/conexaocontabilbetim.com.br\\\/wp-content\\\/uploads\\\/2021\\\/01\\\/tracado-logo-conexao-contabil-betim.png&quot;}],&quot;background_slideshow_loop&quot;:&quot;yes&quot;,&quot;background_slideshow_slide_duration&quot;:5000,&quot;background_slideshow_slide_transition&quot;:&quot;fade&quot;,&quot;background_slideshow_transition_duration&quot;:500}\">\n\t\t\t\t\t\t<div class=\"elementor-container elementor-column-gap-default\">\n\t\t\t\t\t\t\t<div class=\"elementor-row\">\n\t\t\t\t\t<div class=\"elementor-column elementor-col-50 elementor-top-column elementor-element elementor-element-2d41672 top column-style-top\" data-id=\"2d41672\" data-element_type=\"column\">\n\t\t\t<div class=\"elementor-column-wrap elementor-element-populated\">\n\t\t\t\t\t\t\t<div class=\"elementor-widget-wrap\">\n\t\t\t\t\t\t<div class=\"elementor-element elementor-element-4964c44 elementor-widget elementor-widget-heading\" data-id=\"4964c44\" data-element_type=\"widget\" data-widget_type=\"heading.default\">\n\t\t\t\t<div class=\"elementor-widget-container\">\n\t\t\t<h2 class=\"elementor-heading-title elementor-size-default\">Conex\u00e3o Cont\u00e1bil Betim<\/h2>\t\t<\/div>\n\t\t\t\t<\/div>\n\t\t\t\t<div class=\"elementor-element elementor-element-a391bbe elementor-widget elementor-widget-text-editor\" data-id=\"a391bbe\" data-element_type=\"widget\" data-widget_type=\"text-editor.default\">\n\t\t\t\t<div class=\"elementor-widget-container\">\n\t\t\t\t\t<div class=\"elementor-text-editor elementor-clearfix\"><p>Aqui, enquanto voc\u00ea cuida do seu neg\u00f3cio, n\u00f3s cuidamos da sua contabilidade, pessoal e fiscal da sua empresa!<\/p><div class=\"elementor-element elementor-element-9a09dcf elementor-widget elementor-widget-text-editor\" data-id=\"9a09dcf\" data-element_type=\"widget\" data-widget_type=\"text-editor.default\"><div class=\"elementor-widget-container\"><div class=\"elementor-text-editor elementor-clearfix\"><p>Sua empresa em boas m\u00e3os!<\/p><\/div><\/div><\/div><div class=\"elementor-element elementor-element-6bf8bc9d elementor-icon-list--layout-traditional elementor-list-item-link-full_width elementor-widget elementor-widget-icon-list\" data-id=\"6bf8bc9d\" data-element_type=\"widget\" data-widget_type=\"icon-list.default\"><div class=\"elementor-widget-container\"><ul class=\"elementor-icon-list-items\"><li class=\"elementor-icon-list-item\"><a href=\"https:\/\/conexaocontabilbetim.com.br\/#\"><i class=\"fi flaticon-check\" aria-hidden=\"true\"><\/i><span class=\"elementor-icon-list-text\">Abertura de empresa<\/span><\/a><\/li><li class=\"elementor-icon-list-item\"><a href=\"https:\/\/conexaocontabilbetim.com.br\/#\"><i class=\"fi flaticon-check\" aria-hidden=\"true\"><\/i><span class=\"elementor-icon-list-text\">Assessoria cont\u00e1bil<\/span><\/a><\/li><li class=\"elementor-icon-list-item\"><a href=\"https:\/\/conexaocontabilbetim.com.br\/#\"><i class=\"fi flaticon-check\" aria-hidden=\"true\"><\/i><span class=\"elementor-icon-list-text\">Assessoria tribut\u00e1ria<\/span><\/a><\/li><li class=\"elementor-icon-list-item\"><a href=\"https:\/\/conexaocontabilbetim.com.br\/#\"><i class=\"fi flaticon-check\" aria-hidden=\"true\"><\/i><span class=\"elementor-icon-list-text\">Departamento pessoal<\/span><\/a><\/li><\/ul><p>\u00a0<\/p><\/div><\/div><p>\u00a0<\/p><p>\u00a0<\/p><\/div>\n\t\t\t\t<\/div>\n\t\t\t\t<\/div>\n\t\t\t\t\t\t<\/div>\n\t\t\t\t\t<\/div>\n\t\t<\/div>\n\t\t\t\t<div class=\"elementor-column elementor-col-50 elementor-top-column elementor-element elementor-element-47c5cee9 top column-style-top\" data-id=\"47c5cee9\" data-element_type=\"column\">\n\t\t\t<div class=\"elementor-column-wrap elementor-element-populated\">\n\t\t\t\t\t\t\t<div class=\"elementor-widget-wrap\">\n\t\t\t\t\t\t<div class=\"elementor-element elementor-element-c6f5855 elementor-widget elementor-widget-image\" data-id=\"c6f5855\" data-element_type=\"widget\" data-widget_type=\"image.default\">\n\t\t\t\t<div class=\"elementor-widget-container\">\n\t\t\t\t\t<div class=\"elementor-image\">\n\t\t\t\t\t\t\t\t\t\t<img loading=\"lazy\" decoding=\"async\" width=\"473\" height=\"657\" src=\"https:\/\/conexaocontabilbetim.com.br\/wp-content\/uploads\/2021\/01\/logomarca-home-conexao-contabil.png\" class=\"attachment-large size-large\" alt=\"\" \/>\t\t\t\t\t\t\t\t\t\t\t<\/div>\n\t\t\t\t<\/div>\n\t\t\t\t<\/div>\n\t\t\t\t\t\t<\/div>\n\t\t\t\t\t<\/div>\n\t\t<\/div>\n\t\t\t\t\t\t\t\t<\/div>\n\t\t\t\t\t<\/div>\n\t\t<\/section>\n\t\t\t\t\t\t<\/div>\n\t\t\t\t\t\t<\/div>\n\t\t\t\t\t<\/div>\n\t\t","protected":false},"excerpt":{"rendered":"<p>Conex\u00e3o Cont\u00e1bil Betim Aqui, enquanto voc\u00ea cuida do seu neg\u00f3cio, n\u00f3s cuidamos da sua contabilidade, pessoal e fiscal da sua empresa! Sua empresa em boas m\u00e3os! Abertura de empresa Assessoria [&hellip;]<\/p>\n","protected":false},"author":1,"featured_media":0,"parent":0,"menu_order":0,"comment_status":"closed","ping_status":"closed","template":"","meta":{"footnotes":""},"class_list":["post-612","page","type-page","status-publish","hentry"],"_links":{"self":[{"href":"https:\/\/conexaocontabilbetim.com.br\/index.php?rest_route=\/wp\/v2\/pages\/612","targetHints":{"allow":["GET"]}}],"collection":[{"href":"https:\/\/conexaocontabilbetim.com.br\/index.php?rest_route=\/wp\/v2\/pages"}],"about":[{"href":"https:\/\/conexaocontabilbetim.com.br\/index.php?rest_route=\/wp\/v2\/types\/page"}],"author":[{"embeddable":true,"href":"https:\/\/conexaocontabilbetim.com.br\/index.php?rest_route=\/wp\/v2\/users\/1"}],"replies":[{"embeddable":true,"href":"https:\/\/conexaocontabilbetim.com.br\/index.php?rest_route=%2Fwp%2Fv2%2Fcomments&post=612"}],"version-history":[{"count":13,"href":"https:\/\/conexaocontabilbetim.com.br\/index.php?rest_route=\/wp\/v2\/pages\/612\/revisions"}],"predecessor-version":[{"id":10934,"href":"https:\/\/conexaocontabilbetim.com.br\/index.php?rest_route=\/wp\/v2\/pages\/612\/revisions\/10934"}],"wp:attachment":[{"href":"https:\/\/conexaocontabilbetim.com.br\/index.php?rest_route=%2Fwp%2Fv2%2Fmedia&parent=612"}],"curies":[{"name":"wp","href":"https:\/\/api.w.org\/{rel}","templated":true}]}}